{"id":26798,"date":"2021-07-12T17:17:01","date_gmt":"2021-07-12T15:17:01","guid":{"rendered":"https:\/\/www.badebleshotels.com\/politica-de-cookies\/"},"modified":"2021-09-06T18:19:17","modified_gmt":"2021-09-06T16:19:17","slug":"politique-de-cookies","status":"publish","type":"page","link":"https:\/\/www.badebleshotels.com\/fr\/politique-de-cookies\/","title":{"rendered":"Politique de cookies"},"content":{"rendered":"<p>[vc_row row_type=&#8221;row&#8221; use_row_as_full_screen_section=&#8221;no&#8221; type=&#8221;full_width&#8221; angled_section=&#8221;no&#8221; text_align=&#8221;left&#8221; background_image_as_pattern=&#8221;without_pattern&#8221; padding_top=&#8221;54&#8243; padding_bottom=&#8221;54&#8243; css_animation=&#8221;&#8221;][vc_column][vc_column_text]<\/p>\n<h2>Uso De Cookies<\/h2>\n<p>&nbsp;<\/p>\n<p>Le informamos que este sitio web instala cookies propias y de terceros al visitar sus paginas. Si continua navegando, consideramos que acepta su uso. Las cookies son ficheros de texto no ejecutables destinados a almacenar cualquier tipo de informaci\u00f3n sobre el usuario. Utilizamos estos ficheros para facilitar su navegaci\u00f3n y obtener datos estad\u00edsticos.<\/p>\n<p>&nbsp;<\/p>\n<h2>\u00bfQue tipo de cookies utiliza esta pagina web?<\/h2>\n<p>&nbsp;<\/p>\n<p><strong>Cookies t\u00e9cnicas:<\/strong> Son aquellas que permiten al usuario la navegaci\u00f3n a trav\u00e9s de una pagina web, plataforma o aplicaci\u00f3n y la utilizaci\u00f3n de las diferentes opciones o servicios que en ella existan.<\/p>\n<p>&nbsp;<\/p>\n<p><strong>Cookies de personalizaci\u00f3n:<\/strong> Son aquellas que permiten al usuario acceder al servicio con algunas caracter\u00edsticas de car\u00e1cter general predefinidas en funci\u00f3n de una serie de criterios en el terminal del usuario.<\/p>\n<p>&nbsp;<\/p>\n<p><strong>Cookies de an\u00e1lisis:<\/strong> Son aquellas que permiten el seguimiento y an\u00e1lisis del comportamiento de los usuarios de los sitios web a los que est\u00e1n vinculadas. La informacion recogida mediante este tipo de cookies se utiliza en la medici\u00f3n de la actividad de los sitios web, aplicaci\u00f3n o plataforma y para la elaboraci\u00f3n de perfiles de navegaci\u00f3n de los usuarios de dichos sitios, aplicaciones y plataformas, con el fin de introducir mejoras en funci\u00f3n del an\u00e1lisis de los datos de uso que hacen los usuarios del servicio.<\/p>\n<p>&nbsp;<\/p>\n<h2>\u00bfQuien utiliza y tiene acceso a la informacion de las cookies que instalamos?<\/h2>\n<p>&nbsp;<\/p>\n<p>Solo el propietario de este sitio web y Bookerclub\u00a0S.L., la empresa que presta al propietario el servicio de mantenimiento y an\u00e1lisis del sitio, utilizan y tienen acceso a las cookies del mismo. Los terceros que hayan almacenado cookies en su ordenador tendr\u00e1n acceso a ellas.<\/p>\n<p>&nbsp;<\/p>\n<h2>\u00bfComo gestionar sus preferencias sobre cookies?<\/h2>\n<p>&nbsp;<\/p>\n<p>La mayor\u00eda de los navegadores aceptan la utilizaci\u00f3n de cookies de forma autom\u00e1tica, pero usted puede configurar su navegador para no aceptarlas o para que el navegador le avise cuando un servidor quiera guardar una cookie. Puede hacerlo consultando:<\/p>\n<p>&nbsp;<\/p>\n<ul>\n<li><a href=\"https:\/\/windows.microsoft.com\/es-es\/internet-explorer\/delete-manage-cookies\">Internet Explorer<\/a><\/li>\n<\/ul>\n<ul>\n<li><a href=\"https:\/\/support.google.com\/chrome\/answer\/95647?hl=es\">Chrome<\/a><\/li>\n<\/ul>\n<ul>\n<li><a href=\"https:\/\/support.mozilla.org\/es\/kb\/habilitar-y-deshabilitar-cookies-que-los-sitios-we\">Firefox<\/a><\/li>\n<\/ul>\n<ul>\n<li><a href=\"https:\/\/support.apple.com\/kb\/HT1677?viewlocale=es_ES\">Safari<\/a><\/li>\n<\/ul>\n<ul>\n<li><a href=\"https:\/\/support.apple.com\/kb\/HT1677?viewlocale=es_ES\">iOS (Safari)<\/a><\/li>\n<\/ul>\n<ul>\n<li><a href=\"https:\/\/www.usa.gov\/optout-instructions.shtml#android\">Android<\/a><\/li>\n<\/ul>\n<ul>\n<li><a href=\"https:\/\/us.blackberry.com\/legal\/cookies\">BlackBerry<\/a><\/li>\n<\/ul>\n<p>[\/vc_column_text][\/vc_column][\/vc_row]<\/p>\n","protected":false},"excerpt":{"rendered":"<p>[vc_row row_type=&#8221;row&#8221; use_row_as_full_screen_section=&#8221;no&#8221; type=&#8221;full_width&#8221; angled_section=&#8221;no&#8221; text_align=&#8221;left&#8221; background_image_as_pattern=&#8221;without_pattern&#8221; padding_top=&#8221;54&#8243; padding_bottom=&#8221;54&#8243; css_animation=&#8221;&#8221;][vc_column][vc_column_text] Uso De Cookies &nbsp; Le informamos que este sitio web instala cookies propias y de terceros al visitar sus paginas. Si continua navegando, consideramos que acepta su uso. Las cookies son ficheros de texto no&#8230;<\/p>\n","protected":false},"author":5,"featured_media":0,"parent":0,"menu_order":0,"comment_status":"closed","ping_status":"closed","template":"","meta":[],"yoast_head":"<!-- This site is optimized with the Yoast SEO plugin v17.0 - https:\/\/yoast.com\/wordpress\/plugins\/seo\/ -->\n<meta name=\"description\" content=\"Le informamos que este sitio web instala cookies propias y de terceros al visitar sus paginas. Si continua navegando, consideramos que acepta su uso. Las cookies son ficheros de texto no ejecutables destinados a almacenar cualquier tipo de informaci\u00f3n sobre el usuario. Utilizamos estos ficheros para facilitar su navegaci\u00f3n y obtener datos estad\u00edsticos.\" \/>\n<meta name=\"robots\" content=\"index, follow, max-snippet:-1, max-image-preview:large, max-video-preview:-1\" \/>\n<link rel=\"canonical\" href=\"https:\/\/www.badebleshotels.com\/fr\/politique-de-cookies\/\" \/>\n<meta property=\"og:locale\" content=\"fr_FR\" \/>\n<meta property=\"og:type\" content=\"article\" \/>\n<meta property=\"og:title\" content=\"Politique de cookies - BADEBLES HOTELS\" \/>\n<meta property=\"og:description\" content=\"Le informamos que este sitio web instala cookies propias y de terceros al visitar sus paginas. Si continua navegando, consideramos que acepta su uso. Las cookies son ficheros de texto no ejecutables destinados a almacenar cualquier tipo de informaci\u00f3n sobre el usuario. Utilizamos estos ficheros para facilitar su navegaci\u00f3n y obtener datos estad\u00edsticos.\" \/>\n<meta property=\"og:url\" content=\"https:\/\/www.badebleshotels.com\/fr\/politique-de-cookies\/\" \/>\n<meta property=\"og:site_name\" content=\"BADEBLES HOTELS\" \/>\n<meta property=\"article:modified_time\" content=\"2021-09-06T16:19:17+00:00\" \/>\n<meta name=\"twitter:card\" content=\"summary\" \/>\n<meta name=\"twitter:label1\" content=\"Est. reading time\" \/>\n\t<meta name=\"twitter:data1\" content=\"2 minutes\" \/>\n<script type=\"application\/ld+json\" class=\"yoast-schema-graph\">{\"@context\":\"https:\/\/schema.org\",\"@graph\":[{\"@type\":\"WebSite\",\"@id\":\"https:\/\/www.badebleshotels.com\/#website\",\"url\":\"https:\/\/www.badebleshotels.com\/\",\"name\":\"BADEBLES HOTELS\",\"description\":\"BADEBLES HOTELS\",\"potentialAction\":[{\"@type\":\"SearchAction\",\"target\":{\"@type\":\"EntryPoint\",\"urlTemplate\":\"https:\/\/www.badebleshotels.com\/?s={search_term_string}\"},\"query-input\":\"required name=search_term_string\"}],\"inLanguage\":\"fr-FR\"},{\"@type\":\"WebPage\",\"@id\":\"https:\/\/www.badebleshotels.com\/fr\/politique-de-cookies\/#webpage\",\"url\":\"https:\/\/www.badebleshotels.com\/fr\/politique-de-cookies\/\",\"name\":\"Politique de cookies - BADEBLES HOTELS\",\"isPartOf\":{\"@id\":\"https:\/\/www.badebleshotels.com\/#website\"},\"datePublished\":\"2021-07-12T15:17:01+00:00\",\"dateModified\":\"2021-09-06T16:19:17+00:00\",\"description\":\"Le informamos que este sitio web instala cookies propias y de terceros al visitar sus paginas. Si continua navegando, consideramos que acepta su uso. Las cookies son ficheros de texto no ejecutables destinados a almacenar cualquier tipo de informaci\\u00f3n sobre el usuario. Utilizamos estos ficheros para facilitar su navegaci\\u00f3n y obtener datos estad\\u00edsticos.\",\"breadcrumb\":{\"@id\":\"https:\/\/www.badebleshotels.com\/fr\/politique-de-cookies\/#breadcrumb\"},\"inLanguage\":\"fr-FR\",\"potentialAction\":[{\"@type\":\"ReadAction\",\"target\":[\"https:\/\/www.badebleshotels.com\/fr\/politique-de-cookies\/\"]}]},{\"@type\":\"BreadcrumbList\",\"@id\":\"https:\/\/www.badebleshotels.com\/fr\/politique-de-cookies\/#breadcrumb\",\"itemListElement\":[{\"@type\":\"ListItem\",\"position\":1,\"name\":\"Home\",\"item\":\"https:\/\/www.badebleshotels.com\/fr\/\"},{\"@type\":\"ListItem\",\"position\":2,\"name\":\"Politique de cookies\"}]}]}<\/script>\n<!-- \/ Yoast SEO plugin. -->","yoast_head_json":{"description":"Le informamos que este sitio web instala cookies propias y de terceros al visitar sus paginas. Si continua navegando, consideramos que acepta su uso. Las cookies son ficheros de texto no ejecutables destinados a almacenar cualquier tipo de informaci\u00f3n sobre el usuario. Utilizamos estos ficheros para facilitar su navegaci\u00f3n y obtener datos estad\u00edsticos.","robots":{"index":"index","follow":"follow","max-snippet":"max-snippet:-1","max-image-preview":"max-image-preview:large","max-video-preview":"max-video-preview:-1"},"canonical":"https:\/\/www.badebleshotels.com\/fr\/politique-de-cookies\/","og_locale":"fr_FR","og_type":"article","og_title":"Politique de cookies - BADEBLES HOTELS","og_description":"Le informamos que este sitio web instala cookies propias y de terceros al visitar sus paginas. Si continua navegando, consideramos que acepta su uso. Las cookies son ficheros de texto no ejecutables destinados a almacenar cualquier tipo de informaci\u00f3n sobre el usuario. Utilizamos estos ficheros para facilitar su navegaci\u00f3n y obtener datos estad\u00edsticos.","og_url":"https:\/\/www.badebleshotels.com\/fr\/politique-de-cookies\/","og_site_name":"BADEBLES HOTELS","article_modified_time":"2021-09-06T16:19:17+00:00","twitter_card":"summary","twitter_misc":{"Est. reading time":"2 minutes"},"schema":{"@context":"https:\/\/schema.org","@graph":[{"@type":"WebSite","@id":"https:\/\/www.badebleshotels.com\/#website","url":"https:\/\/www.badebleshotels.com\/","name":"BADEBLES HOTELS","description":"BADEBLES HOTELS","potentialAction":[{"@type":"SearchAction","target":{"@type":"EntryPoint","urlTemplate":"https:\/\/www.badebleshotels.com\/?s={search_term_string}"},"query-input":"required name=search_term_string"}],"inLanguage":"fr-FR"},{"@type":"WebPage","@id":"https:\/\/www.badebleshotels.com\/fr\/politique-de-cookies\/#webpage","url":"https:\/\/www.badebleshotels.com\/fr\/politique-de-cookies\/","name":"Politique de cookies - BADEBLES HOTELS","isPartOf":{"@id":"https:\/\/www.badebleshotels.com\/#website"},"datePublished":"2021-07-12T15:17:01+00:00","dateModified":"2021-09-06T16:19:17+00:00","description":"Le informamos que este sitio web instala cookies propias y de terceros al visitar sus paginas. Si continua navegando, consideramos que acepta su uso. Las cookies son ficheros de texto no ejecutables destinados a almacenar cualquier tipo de informaci\u00f3n sobre el usuario. Utilizamos estos ficheros para facilitar su navegaci\u00f3n y obtener datos estad\u00edsticos.","breadcrumb":{"@id":"https:\/\/www.badebleshotels.com\/fr\/politique-de-cookies\/#breadcrumb"},"inLanguage":"fr-FR","potentialAction":[{"@type":"ReadAction","target":["https:\/\/www.badebleshotels.com\/fr\/politique-de-cookies\/"]}]},{"@type":"BreadcrumbList","@id":"https:\/\/www.badebleshotels.com\/fr\/politique-de-cookies\/#breadcrumb","itemListElement":[{"@type":"ListItem","position":1,"name":"Home","item":"https:\/\/www.badebleshotels.com\/fr\/"},{"@type":"ListItem","position":2,"name":"Politique de cookies"}]}]}},"_links":{"self":[{"href":"https:\/\/www.badebleshotels.com\/fr\/wp-json\/wp\/v2\/pages\/26798"}],"collection":[{"href":"https:\/\/www.badebleshotels.com\/fr\/wp-json\/wp\/v2\/pages"}],"about":[{"href":"https:\/\/www.badebleshotels.com\/fr\/wp-json\/wp\/v2\/types\/page"}],"author":[{"embeddable":true,"href":"https:\/\/www.badebleshotels.com\/fr\/wp-json\/wp\/v2\/users\/5"}],"replies":[{"embeddable":true,"href":"https:\/\/www.badebleshotels.com\/fr\/wp-json\/wp\/v2\/comments?post=26798"}],"version-history":[{"count":1,"href":"https:\/\/www.badebleshotels.com\/fr\/wp-json\/wp\/v2\/pages\/26798\/revisions"}],"predecessor-version":[{"id":26801,"href":"https:\/\/www.badebleshotels.com\/fr\/wp-json\/wp\/v2\/pages\/26798\/revisions\/26801"}],"wp:attachment":[{"href":"https:\/\/www.badebleshotels.com\/fr\/wp-json\/wp\/v2\/media?parent=26798"}],"curies":[{"name":"wp","href":"https:\/\/api.w.org\/{rel}","templated":true}]}}